{"id":29159,"date":"2023-10-05T12:09:26","date_gmt":"2023-10-05T10:09:26","guid":{"rendered":"https:\/\/imp.upc.edu\/areas-experiencia\/"},"modified":"2024-10-23T13:25:34","modified_gmt":"2024-10-23T11:25:34","slug":"areas-expertesa","status":"publish","type":"page","link":"https:\/\/imp.upc.edu\/es\/areas-expertesa\/","title":{"rendered":"\u00c1reas de especializaci\u00f3n"},"content":{"rendered":"\t\t<div data-elementor-type=\"wp-page\" data-elementor-id=\"29159\" class=\"elementor elementor-29159 elementor-34\" data-elementor-post-type=\"page\">\n\t\t\t\t<div class=\"elementor-element elementor-element-9f7227b e-flex e-con-boxed e-con e-parent\" data-id=\"9f7227b\" data-element_type=\"container\" data-e-type=\"container\" data-settings=\"{&quot;background_background&quot;:&quot;classic&quot;}\">\n\t\t\t\t\t<div class=\"e-con-inner\">\n\t\t\t\t<div class=\"elementor-element elementor-element-5fdffb3 elementor-invisible elementor-widget elementor-widget-heading\" data-id=\"5fdffb3\" data-element_type=\"widget\" data-e-type=\"widget\" data-settings=\"{&quot;_animation&quot;:&quot;fadeIn&quot;}\" data-widget_type=\"heading.default\">\n\t\t\t\t<div class=\"elementor-widget-container\">\n\t\t\t\t\t<h1 class=\"elementor-heading-title elementor-size-default\">\u00c1reas de especializaci\u00f3n<\/h1>\t\t\t\t<\/div>\n\t\t\t\t<\/div>\n\t\t\t\t\t<\/div>\n\t\t\t\t<\/div>\n\t\t<div class=\"elementor-element elementor-element-2f46c20 e-flex e-con-boxed e-con e-parent\" data-id=\"2f46c20\" data-element_type=\"container\" data-e-type=\"container\">\n\t\t\t\t\t<div class=\"e-con-inner\">\n\t\t<div class=\"elementor-element elementor-element-6aaaa33 e-grid e-con-full e-con e-child\" data-id=\"6aaaa33\" data-element_type=\"container\" data-e-type=\"container\">\n\t\t<div class=\"elementor-element elementor-element-98ae9da e-flex e-con-boxed e-con e-child\" data-id=\"98ae9da\" data-element_type=\"container\" data-e-type=\"container\">\n\t\t\t\t\t<div class=\"e-con-inner\">\n\t\t\t\t<div class=\"elementor-element elementor-element-9a7f2ed elementor-widget elementor-widget-image\" data-id=\"9a7f2ed\" data-element_type=\"widget\" data-e-type=\"widget\" data-widget_type=\"image.default\">\n\t\t\t\t<div class=\"elementor-widget-container\">\n\t\t\t\t\t\t\t\t\t\t\t\t\t\t\t\t<a href=\"https:\/\/imp.upc.edu\/arees-expertesa\/ciberseguretat\/\">\n\t\t\t\t\t\t\t<img fetchpriority=\"high\" decoding=\"async\" width=\"560\" height=\"350\" src=\"https:\/\/imp.upc.edu\/wp-content\/uploads\/2023\/10\/ciberseguretat_0.jpg\" class=\"attachment-full size-full wp-image-10083\" alt=\"\" srcset=\"https:\/\/imp.upc.edu\/wp-content\/uploads\/2023\/10\/ciberseguretat_0.jpg 560w, https:\/\/imp.upc.edu\/wp-content\/uploads\/2023\/10\/ciberseguretat_0-300x188.jpg 300w\" sizes=\"(max-width: 560px) 100vw, 560px\" \/>\t\t\t\t\t\t\t\t<\/a>\n\t\t\t\t\t\t\t\t\t\t\t\t\t\t\t<\/div>\n\t\t\t\t<\/div>\n\t\t\t\t<div class=\"elementor-element elementor-element-a33f5b4 elementor-widget elementor-widget-heading\" data-id=\"a33f5b4\" data-element_type=\"widget\" data-e-type=\"widget\" data-widget_type=\"heading.default\">\n\t\t\t\t<div class=\"elementor-widget-container\">\n\t\t\t\t\t<p class=\"elementor-heading-title elementor-size-default\"><a href=\"https:\/\/imp.upc.edu\/arees-expertesa\/ciberseguretat\/\">Ciberseguridad<\/a><\/p>\t\t\t\t<\/div>\n\t\t\t\t<\/div>\n\t\t\t\t\t<\/div>\n\t\t\t\t<\/div>\n\t\t<div class=\"elementor-element elementor-element-773a849 e-flex e-con-boxed e-con e-child\" data-id=\"773a849\" data-element_type=\"container\" data-e-type=\"container\">\n\t\t\t\t\t<div class=\"e-con-inner\">\n\t\t\t\t<div class=\"elementor-element elementor-element-073451a elementor-widget elementor-widget-image\" data-id=\"073451a\" data-element_type=\"widget\" data-e-type=\"widget\" data-widget_type=\"image.default\">\n\t\t\t\t<div class=\"elementor-widget-container\">\n\t\t\t\t\t\t\t\t\t\t\t\t\t\t\t\t<a href=\"https:\/\/imp.upc.edu\/arees-expertesa\/data-science-i-big-data\/\">\n\t\t\t\t\t\t\t<img decoding=\"async\" width=\"560\" height=\"350\" src=\"https:\/\/imp.upc.edu\/wp-content\/uploads\/2023\/10\/data-science.jpg\" class=\"attachment-full size-full wp-image-10085\" alt=\"\" srcset=\"https:\/\/imp.upc.edu\/wp-content\/uploads\/2023\/10\/data-science.jpg 560w, https:\/\/imp.upc.edu\/wp-content\/uploads\/2023\/10\/data-science-300x188.jpg 300w\" sizes=\"(max-width: 560px) 100vw, 560px\" \/>\t\t\t\t\t\t\t\t<\/a>\n\t\t\t\t\t\t\t\t\t\t\t\t\t\t\t<\/div>\n\t\t\t\t<\/div>\n\t\t\t\t<div class=\"elementor-element elementor-element-817021e elementor-widget elementor-widget-heading\" data-id=\"817021e\" data-element_type=\"widget\" data-e-type=\"widget\" data-widget_type=\"heading.default\">\n\t\t\t\t<div class=\"elementor-widget-container\">\n\t\t\t\t\t<p class=\"elementor-heading-title elementor-size-default\"><a href=\"https:\/\/imp.upc.edu\/arees-expertesa\/data-science-i-big-data\/\">Data science y Big data<\/a><\/p>\t\t\t\t<\/div>\n\t\t\t\t<\/div>\n\t\t\t\t\t<\/div>\n\t\t\t\t<\/div>\n\t\t<div class=\"elementor-element elementor-element-bc3e8e7 e-flex e-con-boxed e-con e-child\" data-id=\"bc3e8e7\" data-element_type=\"container\" data-e-type=\"container\">\n\t\t\t\t\t<div class=\"e-con-inner\">\n\t\t\t\t<div class=\"elementor-element elementor-element-68a896a elementor-widget elementor-widget-image\" data-id=\"68a896a\" data-element_type=\"widget\" data-e-type=\"widget\" data-widget_type=\"image.default\">\n\t\t\t\t<div class=\"elementor-widget-container\">\n\t\t\t\t\t\t\t\t\t\t\t\t\t\t\t\t<a href=\"https:\/\/imp.upc.edu\/arees-expertesa\/ehealth-information\/\">\n\t\t\t\t\t\t\t<img decoding=\"async\" width=\"560\" height=\"350\" src=\"https:\/\/imp.upc.edu\/wp-content\/uploads\/2023\/10\/ehealth_information.jpg\" class=\"attachment-full size-full wp-image-10087\" alt=\"\" srcset=\"https:\/\/imp.upc.edu\/wp-content\/uploads\/2023\/10\/ehealth_information.jpg 560w, https:\/\/imp.upc.edu\/wp-content\/uploads\/2023\/10\/ehealth_information-300x188.jpg 300w\" sizes=\"(max-width: 560px) 100vw, 560px\" \/>\t\t\t\t\t\t\t\t<\/a>\n\t\t\t\t\t\t\t\t\t\t\t\t\t\t\t<\/div>\n\t\t\t\t<\/div>\n\t\t\t\t<div class=\"elementor-element elementor-element-7fabd95 elementor-widget elementor-widget-heading\" data-id=\"7fabd95\" data-element_type=\"widget\" data-e-type=\"widget\" data-widget_type=\"heading.default\">\n\t\t\t\t<div class=\"elementor-widget-container\">\n\t\t\t\t\t<p class=\"elementor-heading-title elementor-size-default\"><a href=\"https:\/\/imp.upc.edu\/arees-expertesa\/ehealth-information\/\">eHealth Information<\/a><\/p>\t\t\t\t<\/div>\n\t\t\t\t<\/div>\n\t\t\t\t\t<\/div>\n\t\t\t\t<\/div>\n\t\t<div class=\"elementor-element elementor-element-fa81abd e-flex e-con-boxed e-con e-child\" data-id=\"fa81abd\" data-element_type=\"container\" data-e-type=\"container\">\n\t\t\t\t\t<div class=\"e-con-inner\">\n\t\t\t\t<div class=\"elementor-element elementor-element-c372888 elementor-widget elementor-widget-image\" data-id=\"c372888\" data-element_type=\"widget\" data-e-type=\"widget\" data-widget_type=\"image.default\">\n\t\t\t\t<div class=\"elementor-widget-container\">\n\t\t\t\t\t\t\t\t\t\t\t\t\t\t\t\t<a href=\"https:\/\/imp.upc.edu\/arees-expertesa\/enginyeria-del-coneixement-i-dels-serveis\/\">\n\t\t\t\t\t\t\t<img loading=\"lazy\" decoding=\"async\" width=\"560\" height=\"350\" src=\"https:\/\/imp.upc.edu\/wp-content\/uploads\/2023\/10\/service-eng.jpg\" class=\"attachment-full size-full wp-image-10089\" alt=\"\" srcset=\"https:\/\/imp.upc.edu\/wp-content\/uploads\/2023\/10\/service-eng.jpg 560w, https:\/\/imp.upc.edu\/wp-content\/uploads\/2023\/10\/service-eng-300x188.jpg 300w\" sizes=\"(max-width: 560px) 100vw, 560px\" \/>\t\t\t\t\t\t\t\t<\/a>\n\t\t\t\t\t\t\t\t\t\t\t\t\t\t\t<\/div>\n\t\t\t\t<\/div>\n\t\t\t\t<div class=\"elementor-element elementor-element-29fd5e2 elementor-widget elementor-widget-heading\" data-id=\"29fd5e2\" data-element_type=\"widget\" data-e-type=\"widget\" data-widget_type=\"heading.default\">\n\t\t\t\t<div class=\"elementor-widget-container\">\n\t\t\t\t\t<p class=\"elementor-heading-title elementor-size-default\"><a href=\"https:\/\/imp.upc.edu\/arees-expertesa\/enginyeria-del-coneixement-i-dels-serveis\/\">Ingenier\u00eda del Conocimiento y de los Servicios<\/a><\/p>\t\t\t\t<\/div>\n\t\t\t\t<\/div>\n\t\t\t\t\t<\/div>\n\t\t\t\t<\/div>\n\t\t<div class=\"elementor-element elementor-element-5223297 e-flex e-con-boxed e-con e-child\" data-id=\"5223297\" data-element_type=\"container\" data-e-type=\"container\">\n\t\t\t\t\t<div class=\"e-con-inner\">\n\t\t\t\t<div class=\"elementor-element elementor-element-73ee6e1 elementor-widget elementor-widget-image\" data-id=\"73ee6e1\" data-element_type=\"widget\" data-e-type=\"widget\" data-widget_type=\"image.default\">\n\t\t\t\t<div class=\"elementor-widget-container\">\n\t\t\t\t\t\t\t\t\t\t\t\t\t\t\t\t<a href=\"https:\/\/imp.upc.edu\/arees-expertesa\/modelitzacio-simulacio-i-optimitzacio\/\">\n\t\t\t\t\t\t\t<img loading=\"lazy\" decoding=\"async\" width=\"560\" height=\"350\" src=\"https:\/\/imp.upc.edu\/wp-content\/uploads\/2023\/10\/simulacio_1.jpg\" class=\"attachment-full size-full wp-image-10093\" alt=\"\" srcset=\"https:\/\/imp.upc.edu\/wp-content\/uploads\/2023\/10\/simulacio_1.jpg 560w, https:\/\/imp.upc.edu\/wp-content\/uploads\/2023\/10\/simulacio_1-300x188.jpg 300w\" sizes=\"(max-width: 560px) 100vw, 560px\" \/>\t\t\t\t\t\t\t\t<\/a>\n\t\t\t\t\t\t\t\t\t\t\t\t\t\t\t<\/div>\n\t\t\t\t<\/div>\n\t\t\t\t<div class=\"elementor-element elementor-element-753792a elementor-widget elementor-widget-heading\" data-id=\"753792a\" data-element_type=\"widget\" data-e-type=\"widget\" data-widget_type=\"heading.default\">\n\t\t\t\t<div class=\"elementor-widget-container\">\n\t\t\t\t\t<p class=\"elementor-heading-title elementor-size-default\"><a href=\"https:\/\/imp.upc.edu\/arees-expertesa\/modelitzacio-simulacio-i-optimitzacio\/\">Modelizaci\u00f3n, simulaci\u00f3n y optimizaci\u00f3n<\/a><\/p>\t\t\t\t<\/div>\n\t\t\t\t<\/div>\n\t\t\t\t\t<\/div>\n\t\t\t\t<\/div>\n\t\t<div class=\"elementor-element elementor-element-08a75e1 e-flex e-con-boxed e-con e-child\" data-id=\"08a75e1\" data-element_type=\"container\" data-e-type=\"container\">\n\t\t\t\t\t<div class=\"e-con-inner\">\n\t\t\t\t<div class=\"elementor-element elementor-element-3bd4228 elementor-widget elementor-widget-image\" data-id=\"3bd4228\" data-element_type=\"widget\" data-e-type=\"widget\" data-widget_type=\"image.default\">\n\t\t\t\t<div class=\"elementor-widget-container\">\n\t\t\t\t\t\t\t\t\t\t\t\t\t\t\t\t<a href=\"https:\/\/imp.upc.edu\/arees-expertesa\/smart-mobility\/\">\n\t\t\t\t\t\t\t<img loading=\"lazy\" decoding=\"async\" width=\"560\" height=\"350\" src=\"https:\/\/imp.upc.edu\/wp-content\/uploads\/2023\/10\/smart-cities.jpg\" class=\"attachment-full size-full wp-image-10097\" alt=\"\" srcset=\"https:\/\/imp.upc.edu\/wp-content\/uploads\/2023\/10\/smart-cities.jpg 560w, https:\/\/imp.upc.edu\/wp-content\/uploads\/2023\/10\/smart-cities-300x188.jpg 300w\" sizes=\"(max-width: 560px) 100vw, 560px\" \/>\t\t\t\t\t\t\t\t<\/a>\n\t\t\t\t\t\t\t\t\t\t\t\t\t\t\t<\/div>\n\t\t\t\t<\/div>\n\t\t\t\t<div class=\"elementor-element elementor-element-fdc8d99 elementor-widget elementor-widget-heading\" data-id=\"fdc8d99\" data-element_type=\"widget\" data-e-type=\"widget\" data-widget_type=\"heading.default\">\n\t\t\t\t<div class=\"elementor-widget-container\">\n\t\t\t\t\t<p class=\"elementor-heading-title elementor-size-default\"><a href=\"https:\/\/imp.upc.edu\/arees-expertesa\/smart-mobility\/\">Smart Mobility<\/a><\/p>\t\t\t\t<\/div>\n\t\t\t\t<\/div>\n\t\t\t\t\t<\/div>\n\t\t\t\t<\/div>\n\t\t\t\t<\/div>\n\t\t\t\t\t<\/div>\n\t\t\t\t<\/div>\n\t\t\t\t<\/div>\n\t\t","protected":false},"excerpt":{"rendered":"<p>\u00c1reas de especializaci\u00f3n Ciberseguridad Data science y Big data eHealth Information Ingenier\u00eda del Conocimiento y de los Servicios Modelizaci\u00f3n, simulaci\u00f3n y optimizaci\u00f3n Smart Mobility<\/p>\n","protected":false},"author":40,"featured_media":0,"parent":0,"menu_order":0,"comment_status":"closed","ping_status":"closed","template":"elementor_header_footer","meta":{"_acf_changed":false,"footnotes":""},"class_list":["post-29159","page","type-page","status-publish","hentry"],"acf":[],"_links":{"self":[{"href":"https:\/\/imp.upc.edu\/es\/wp-json\/wp\/v2\/pages\/29159","targetHints":{"allow":["GET"]}}],"collection":[{"href":"https:\/\/imp.upc.edu\/es\/wp-json\/wp\/v2\/pages"}],"about":[{"href":"https:\/\/imp.upc.edu\/es\/wp-json\/wp\/v2\/types\/page"}],"author":[{"embeddable":true,"href":"https:\/\/imp.upc.edu\/es\/wp-json\/wp\/v2\/users\/40"}],"replies":[{"embeddable":true,"href":"https:\/\/imp.upc.edu\/es\/wp-json\/wp\/v2\/comments?post=29159"}],"version-history":[{"count":5,"href":"https:\/\/imp.upc.edu\/es\/wp-json\/wp\/v2\/pages\/29159\/revisions"}],"predecessor-version":[{"id":43702,"href":"https:\/\/imp.upc.edu\/es\/wp-json\/wp\/v2\/pages\/29159\/revisions\/43702"}],"wp:attachment":[{"href":"https:\/\/imp.upc.edu\/es\/wp-json\/wp\/v2\/media?parent=29159"}],"curies":[{"name":"wp","href":"https:\/\/api.w.org\/{rel}","templated":true}]}}