{"id":29269,"date":"2023-10-05T12:09:22","date_gmt":"2023-10-05T10:09:22","guid":{"rendered":"https:\/\/imp.upc.edu\/publicaciones-2\/"},"modified":"2024-10-23T13:33:52","modified_gmt":"2024-10-23T11:33:52","slug":"publicaciones","status":"publish","type":"page","link":"https:\/\/imp.upc.edu\/es\/publicaciones\/","title":{"rendered":"Publicaciones"},"content":{"rendered":"\t\t<div data-elementor-type=\"wp-page\" data-elementor-id=\"29269\" class=\"elementor elementor-29269 elementor-18\" data-elementor-post-type=\"page\">\n\t\t\t\t<div class=\"elementor-element elementor-element-a189cbb e-flex e-con-boxed e-con e-parent\" data-id=\"a189cbb\" data-element_type=\"container\" data-e-type=\"container\" data-settings=\"{&quot;background_background&quot;:&quot;classic&quot;}\">\n\t\t\t\t\t<div class=\"e-con-inner\">\n\t\t\t\t<div class=\"elementor-element elementor-element-f8165e9 elementor-invisible elementor-widget elementor-widget-heading\" data-id=\"f8165e9\" data-element_type=\"widget\" data-e-type=\"widget\" data-settings=\"{&quot;_animation&quot;:&quot;fadeIn&quot;}\" data-widget_type=\"heading.default\">\n\t\t\t\t<div class=\"elementor-widget-container\">\n\t\t\t\t\t<h1 class=\"elementor-heading-title elementor-size-default\">Publicaciones<\/h1>\t\t\t\t<\/div>\n\t\t\t\t<\/div>\n\t\t\t\t\t<\/div>\n\t\t\t\t<\/div>\n\t\t<div class=\"elementor-element elementor-element-490e2a2 e-flex e-con-boxed e-con e-parent\" data-id=\"490e2a2\" data-element_type=\"container\" data-e-type=\"container\">\n\t\t\t\t\t<div class=\"e-con-inner\">\n\t\t\t\t<div class=\"elementor-element elementor-element-8b2fcb8 elementor-widget elementor-widget-text-editor\" data-id=\"8b2fcb8\" data-element_type=\"widget\" data-e-type=\"widget\" data-widget_type=\"text-editor.default\">\n\t\t\t\t<div class=\"elementor-widget-container\">\n\t\t\t\t\t\t\t\t\t<p style=\"text-align: left;\">Lista de publicaciones extra\u00edda de <a href=\"http:\/\/dblp.uni-trier.de\/\" target=\"_blank\" rel=\"noopener\">Future UPC<\/a> , sitio web de referencia en cuanto a las publicaciones m\u00e1s relevantes de nuestra \u00e1rea de investigaci\u00f3n.<\/p>\n\t\t\t\t\t\t\t\t<\/div>\n\t\t\t\t<\/div>\n\t\t\t\t\t<\/div>\n\t\t\t\t<\/div>\n\t\t<div class=\"elementor-element elementor-element-48e0eb4 e-flex e-con-boxed e-con e-parent\" data-id=\"48e0eb4\" data-element_type=\"container\" data-e-type=\"container\">\n\t\t\t\t\t<div class=\"e-con-inner\">\n\t\t\t\t<div class=\"elementor-element elementor-element-2b66819 elementor-widget elementor-widget-html\" data-id=\"2b66819\" data-element_type=\"widget\" data-e-type=\"widget\" data-widget_type=\"html.default\">\n\t\t\t\t<div class=\"elementor-widget-container\">\n\t\t\t\t\t<iframe src=\"https:\/\/futur.upc.edu\/IMP\/frame\/1\" height=\"1000px\"> <\/iframe>\t\t\t\t<\/div>\n\t\t\t\t<\/div>\n\t\t\t\t\t<\/div>\n\t\t\t\t<\/div>\n\t\t\t\t<\/div>\n\t\t","protected":false},"excerpt":{"rendered":"<p>Publicaciones Lista de publicaciones extra\u00edda de Future UPC , sitio web de referencia en cuanto a las publicaciones m\u00e1s relevantes de nuestra \u00e1rea de investigaci\u00f3n.<\/p>\n","protected":false},"author":40,"featured_media":0,"parent":0,"menu_order":0,"comment_status":"closed","ping_status":"closed","template":"elementor_header_footer","meta":{"_acf_changed":false,"footnotes":""},"class_list":["post-29269","page","type-page","status-publish","hentry"],"acf":[],"_links":{"self":[{"href":"https:\/\/imp.upc.edu\/es\/wp-json\/wp\/v2\/pages\/29269","targetHints":{"allow":["GET"]}}],"collection":[{"href":"https:\/\/imp.upc.edu\/es\/wp-json\/wp\/v2\/pages"}],"about":[{"href":"https:\/\/imp.upc.edu\/es\/wp-json\/wp\/v2\/types\/page"}],"author":[{"embeddable":true,"href":"https:\/\/imp.upc.edu\/es\/wp-json\/wp\/v2\/users\/40"}],"replies":[{"embeddable":true,"href":"https:\/\/imp.upc.edu\/es\/wp-json\/wp\/v2\/comments?post=29269"}],"version-history":[{"count":8,"href":"https:\/\/imp.upc.edu\/es\/wp-json\/wp\/v2\/pages\/29269\/revisions"}],"predecessor-version":[{"id":29494,"href":"https:\/\/imp.upc.edu\/es\/wp-json\/wp\/v2\/pages\/29269\/revisions\/29494"}],"wp:attachment":[{"href":"https:\/\/imp.upc.edu\/es\/wp-json\/wp\/v2\/media?parent=29269"}],"curies":[{"name":"wp","href":"https:\/\/api.w.org\/{rel}","templated":true}]}}