{"id":29275,"date":"2023-10-18T10:55:44","date_gmt":"2023-10-18T08:55:44","guid":{"rendered":"https:\/\/imp.upc.edu\/sobre-esta-web\/"},"modified":"2024-10-23T13:23:22","modified_gmt":"2024-10-23T11:23:22","slug":"sobre-este-web","status":"publish","type":"page","link":"https:\/\/imp.upc.edu\/es\/sobre-este-web\/","title":{"rendered":"Sobre esta web"},"content":{"rendered":"\t\t<div data-elementor-type=\"wp-page\" data-elementor-id=\"29275\" class=\"elementor elementor-29275 elementor-305\" data-elementor-post-type=\"page\">\n\t\t\t\t<div class=\"elementor-element elementor-element-9e2057b e-flex e-con-boxed e-con e-parent\" data-id=\"9e2057b\" data-element_type=\"container\" data-e-type=\"container\" data-settings=\"{&quot;background_background&quot;:&quot;classic&quot;}\">\n\t\t\t\t\t<div class=\"e-con-inner\">\n\t\t\t\t<div class=\"elementor-element elementor-element-b0f3efd elementor-invisible elementor-widget elementor-widget-heading\" data-id=\"b0f3efd\" data-element_type=\"widget\" data-e-type=\"widget\" data-settings=\"{&quot;_animation&quot;:&quot;fadeIn&quot;}\" data-widget_type=\"heading.default\">\n\t\t\t\t<div class=\"elementor-widget-container\">\n\t\t\t\t\t<h1 class=\"elementor-heading-title elementor-size-default\">Sobre esta web<\/h1>\t\t\t\t<\/div>\n\t\t\t\t<\/div>\n\t\t\t\t\t<\/div>\n\t\t\t\t<\/div>\n\t\t<div class=\"elementor-element elementor-element-cf8ffdc e-flex e-con-boxed e-con e-parent\" data-id=\"cf8ffdc\" data-element_type=\"container\" data-e-type=\"container\">\n\t\t\t\t\t<div class=\"e-con-inner\">\n\t\t\t\t<div class=\"elementor-element elementor-element-33bb8a8 elementor-widget elementor-widget-text-editor\" data-id=\"33bb8a8\" data-element_type=\"widget\" data-e-type=\"widget\" data-widget_type=\"text-editor.default\">\n\t\t\t\t<div class=\"elementor-widget-container\">\n\t\t\t\t\t\t\t\t\t<p>En cumplimiento de lo que prev\u00e9 la Ley 34\/2002, de 11 de julio, de servicios de la sociedad de la informaci\u00f3n y de comercio electr\u00f3nico, as\u00ed como otras normas que tienen una aplicaci\u00f3n legal, se comunican a los usuarios de la web imp.upc. edu los siguientes datos de informaci\u00f3n general:<\/p>\n<ul>\n<li>Este portal constituye el sitio oficial en Internet del grupo de Investigaci\u00f3n Modelizaci\u00f3n y Procesamiento de la Informaci\u00f3n&nbsp; de la Universidad Polit\u00e9cnica de Catalu\u00f1a&nbsp; \u00b7 BarcelonaTech&nbsp; (UPC).<\/li>\n<li>Ha sido creado y es mantenido a instancias de inLab FIB&nbsp; UPC<\/li>\n<li>La UPC tiene el CIF n\u00fam. Q-08.18003F. <\/li>\n<li>La sede de la UPC est\u00e1 en:<br> Jordi Girona, 31<br> 08034 Barcelona<br> SPAIN<\/li>\n<\/ul>\n<ul>\n<li>Los usuarios de este portal pueden establecer comunicaci\u00f3n directa y efectiva con IMP mediante escrito enviado a su domicilio social, que se especifica en el punto 4 de esta informaci\u00f3n general. Tambi\u00e9n se pueden poner en contacto mediante cualquiera de los siguientes medios:<br> Tel.: +34 93 413 7896<br> Direcci\u00f3n electr\u00f3nica: &nbsp;<a href=\"mailto:imp.info@upc.edu\">imp.info@upc.edu<\/a><\/li>\n<\/ul>\t\t\t\t\t\t\t\t<\/div>\n\t\t\t\t<\/div>\n\t\t\t\t\t<\/div>\n\t\t\t\t<\/div>\n\t\t\t\t<\/div>\n\t\t","protected":false},"excerpt":{"rendered":"<p>Sobre esta web En cumplimiento de lo que prev\u00e9 la Ley 34\/2002, de 11 de julio, de servicios de la sociedad de la informaci\u00f3n y de comercio electr\u00f3nico, as\u00ed como otras normas que tienen una aplicaci\u00f3n legal, se comunican a los usuarios de la web imp.upc. edu los siguientes datos de informaci\u00f3n general: Este portal [&hellip;]<\/p>\n","protected":false},"author":40,"featured_media":0,"parent":0,"menu_order":0,"comment_status":"closed","ping_status":"closed","template":"","meta":{"_acf_changed":false,"footnotes":""},"class_list":["post-29275","page","type-page","status-publish","hentry"],"acf":[],"_links":{"self":[{"href":"https:\/\/imp.upc.edu\/es\/wp-json\/wp\/v2\/pages\/29275","targetHints":{"allow":["GET"]}}],"collection":[{"href":"https:\/\/imp.upc.edu\/es\/wp-json\/wp\/v2\/pages"}],"about":[{"href":"https:\/\/imp.upc.edu\/es\/wp-json\/wp\/v2\/types\/page"}],"author":[{"embeddable":true,"href":"https:\/\/imp.upc.edu\/es\/wp-json\/wp\/v2\/users\/40"}],"replies":[{"embeddable":true,"href":"https:\/\/imp.upc.edu\/es\/wp-json\/wp\/v2\/comments?post=29275"}],"version-history":[{"count":4,"href":"https:\/\/imp.upc.edu\/es\/wp-json\/wp\/v2\/pages\/29275\/revisions"}],"predecessor-version":[{"id":43688,"href":"https:\/\/imp.upc.edu\/es\/wp-json\/wp\/v2\/pages\/29275\/revisions\/43688"}],"wp:attachment":[{"href":"https:\/\/imp.upc.edu\/es\/wp-json\/wp\/v2\/media?parent=29275"}],"curies":[{"name":"wp","href":"https:\/\/api.w.org\/{rel}","templated":true}]}}