{"id":29283,"date":"2023-10-13T12:58:43","date_gmt":"2023-10-13T10:58:43","guid":{"rendered":"https:\/\/imp.upc.edu\/tesis\/"},"modified":"2024-10-23T13:34:19","modified_gmt":"2024-10-23T11:34:19","slug":"tesis","status":"publish","type":"page","link":"https:\/\/imp.upc.edu\/es\/tesis\/","title":{"rendered":"Tesis"},"content":{"rendered":"\t\t<div data-elementor-type=\"wp-page\" data-elementor-id=\"29283\" class=\"elementor elementor-29283 elementor-176\" data-elementor-post-type=\"page\">\n\t\t\t\t<div class=\"elementor-element elementor-element-0486980 e-flex e-con-boxed e-con e-parent\" data-id=\"0486980\" data-element_type=\"container\" data-e-type=\"container\" data-settings=\"{&quot;background_background&quot;:&quot;classic&quot;}\">\n\t\t\t\t\t<div class=\"e-con-inner\">\n\t\t\t\t<div class=\"elementor-element elementor-element-037894b elementor-invisible elementor-widget elementor-widget-heading\" data-id=\"037894b\" data-element_type=\"widget\" data-e-type=\"widget\" data-settings=\"{&quot;_animation&quot;:&quot;fadeIn&quot;}\" data-widget_type=\"heading.default\">\n\t\t\t\t<div class=\"elementor-widget-container\">\n\t\t\t\t\t<h1 class=\"elementor-heading-title elementor-size-default\">Tesis<\/h1>\t\t\t\t<\/div>\n\t\t\t\t<\/div>\n\t\t\t\t\t<\/div>\n\t\t\t\t<\/div>\n\t\t<div class=\"elementor-element elementor-element-a805ad5 e-flex e-con-boxed e-con e-parent\" data-id=\"a805ad5\" data-element_type=\"container\" data-e-type=\"container\">\n\t\t\t\t\t<div class=\"e-con-inner\">\n\t\t\t\t<div class=\"elementor-element elementor-element-dff27df elementor-widget elementor-widget-text-editor\" data-id=\"dff27df\" data-element_type=\"widget\" data-e-type=\"widget\" data-widget_type=\"text-editor.default\">\n\t\t\t\t<div class=\"elementor-widget-container\">\n\t\t\t\t\t\t\t\t\t<p>Tesis dirigidas por miembros del grupo<\/p>\n\n<table id=\"tablepress-4\" class=\"tablepress tablepress-id-4\">\n<thead>\n<tr class=\"row-1\">\n\t<th class=\"column-1\">Doctorand<\/th><th class=\"column-2\">Nom<\/th><th class=\"column-3\">Director\/s<\/th><th class=\"column-4\">Universitat<\/th><th class=\"column-5\">Any<\/th>\n<\/tr>\n<\/thead>\n<tbody class=\"row-striping\">\n<tr class=\"row-2\">\n\t<td class=\"column-1\">Marc Vila G\u00f3mez<\/td><td class=\"column-2\"><a href=\"https:\/\/link.springer.com\/chapter\/10.1007\/978-3-031-26507-5_27\">IoT semantic-based monitoring of infrastructures using a microservices architecture<\/a><\/td><td class=\"column-3\">Maria Ribera Sancho i Ernest Teniente<\/td><td class=\"column-4\">UPC<\/td><td class=\"column-5\">2024<\/td>\n<\/tr>\n<tr class=\"row-3\">\n\t<td class=\"column-1\">Jamie Arjona<\/td><td class=\"column-2\"><a href=\"https:\/\/upcommons.upc.edu\/handle\/2117\/345646\">Design smart ITS services through innovative data analysis modeling:<\/a><\/td><td class=\"column-3\">Mari Paz Linares i Josep Casanovas<\/td><td class=\"column-4\">UPC<\/td><td class=\"column-5\">2021<\/td>\n<\/tr>\n<tr class=\"row-4\">\n\t<td class=\"column-1\">Xavier Ros Roca<\/td><td class=\"column-2\"><a href=\"https:\/\/upcommons.upc.edu\/bitstream\/handle\/2117\/358137\/TXRR1de1.pdf?sequence=1\">Dynamic OD matrix estimation exploiting ICT traffic measurements<\/a><\/td><td class=\"column-3\">L\u00eddia Montero<\/td><td class=\"column-4\">UPC<\/td><td class=\"column-5\">2021<\/td>\n<\/tr>\n<tr class=\"row-5\">\n\t<td class=\"column-1\">Daniel Naro<\/td><td class=\"column-2\"><a href=\"https:\/\/upcommons.upc.edu\/handle\/2117\/190249\">Security strategies in genomic files<\/a><\/td><td class=\"column-3\">Jaime Delgado i Silvia Llorente<\/td><td class=\"column-4\">UPC<\/td><td class=\"column-5\">2020<\/td>\n<\/tr>\n<tr class=\"row-6\">\n\t<td class=\"column-1\">Francisco Ciaccia<\/td><td class=\"column-2\"><a href=\"https:\/\/www.tesisenred.net\/handle\/10803\/670768#page=1\">Definition of new WAN paradigms enabled by smart measurements<\/a><\/td><td class=\"column-3\">Ren\u00e9 Serral i Mario Nemirovsky<\/td><td class=\"column-4\">UPC<\/td><td class=\"column-5\">2020<\/td>\n<\/tr>\n<tr class=\"row-7\">\n\t<td class=\"column-1\">Diego Teodoro Montero<\/td><td class=\"column-2\"><a href=\"https:\/\/upcommons.upc.edu\/handle\/2117\/114622\">Novel Architectures and Strategies for Security Offloading<\/a><\/td><td class=\"column-3\">Ren\u00e9 Serral i Marcelo Yanuzzi<\/td><td class=\"column-4\">UPC<\/td><td class=\"column-5\">2017<\/td>\n<\/tr>\n<tr class=\"row-8\">\n\t<td class=\"column-1\">Xavier Oriol Hilari<\/td><td class=\"column-2\"><a href=\"https:\/\/www.tdx.cat\/handle\/10803\/458121\">Incremental Checking and Maintenance of UML\/OCL Integrity Constraints<\/a><\/td><td class=\"column-3\">Ernest Teniente L\u00f3pez<\/td><td class=\"column-4\">UPC<\/td><td class=\"column-5\">2017<\/td>\n<\/tr>\n<tr class=\"row-9\">\n\t<td class=\"column-1\">Jordi Aguil\u00e0<\/td><td class=\"column-2\"><a href=\"https:\/\/www.tdx.cat\/handle\/10803\/386313\">Identifying and Combating Cyber-threats in the Field of Online Banking<\/a><\/td><td class=\"column-3\">Manel Medina<\/td><td class=\"column-4\">UPC<\/td><td class=\"column-5\">2016<\/td>\n<\/tr>\n<tr class=\"row-10\">\n\t<td class=\"column-1\">Montserrat Esta\u00f1ol<\/td><td class=\"column-2\"><a href=\"https:\/\/www.tdx.cat\/handle\/10803\/393902\">Artifact-centric Business Process Models in UML: Specification and Reasoning<\/a><\/td><td class=\"column-3\">Ernest Teniente<\/td><td class=\"column-4\">UPC<\/td><td class=\"column-5\">2016<\/td>\n<\/tr>\n<tr class=\"row-11\">\n\t<td class=\"column-1\">Cristina Monta\u00f1ola-Sales<\/td><td class=\"column-2\"><a href=\"http:\/\/tdx.cat\/handle\/10803\/299207\">Large-scale Simulation of Population Dynamics for Socio-demographic Analysis<\/a><\/td><td class=\"column-3\">Josep Casanovas i Adriana Kaplan<\/td><td class=\"column-4\">UPC<\/td><td class=\"column-5\">2015<\/td>\n<\/tr>\n<tr class=\"row-12\">\n\t<td class=\"column-1\">Giuseppe Lamberti<\/td><td class=\"column-2\"><a href=\"http:\/\/www.tdx.cat\/handle\/10803\/309295\">Modelling with Heterogeneity<\/a><\/td><td class=\"column-3\">Tom\u00e0s Aluja<\/td><td class=\"column-4\">UPC<\/td><td class=\"column-5\">2015<\/td>\n<\/tr>\n<tr class=\"row-13\">\n\t<td class=\"column-1\">David Aguilera<\/td><td class=\"column-2\"><a href=\"http:\/\/www.tdx.cat\/handle\/10803\/279266\">A method for the unified definition and treatment of conceptual schema quality issues<\/a><\/td><td class=\"column-3\">Antoni Oliv\u00e9 i Cristina G\u00f3mez<\/td><td class=\"column-4\">UPC<\/td><td class=\"column-5\">2014<\/td>\n<\/tr>\n<tr class=\"row-14\">\n\t<td class=\"column-1\">Maria Paz Linares<\/td><td class=\"column-2\"><a href=\"https:\/\/www.tdx.cat\/handle\/10803\/144939\">A Mesoscopic Traffic Simulation Based Dynamic Traffic Assignement\u00bb<\/a><\/td><td class=\"column-3\">Jaume Barcel\u00f3<\/td><td class=\"column-4\">UPC<\/td><td class=\"column-5\">2014<\/td>\n<\/tr>\n<tr class=\"row-15\">\n\t<td class=\"column-1\">Francesc L\u00f3pez<\/td><td class=\"column-2\"><a href=\"https:\/\/www.tdx.cat\/handle\/10803\/144940\">Conjoint Design of Railway Lines and Frequency Setting under Semi-Congested Scenarios<\/a><\/td><td class=\"column-3\">Esteve Codina<\/td><td class=\"column-4\">UPC<\/td><td class=\"column-5\">2014<\/td>\n<\/tr>\n<tr class=\"row-16\">\n\t<td class=\"column-1\">V\u00edctor Manuel Gonz\u00e1lez Rojas<\/td><td class=\"column-2\"><a href=\"https:\/\/www.tdx.cat\/handle\/10803\/284659\">An\u00e1lisis conjunto de m\u00faltiples tablas de datos mixtos mediante PLS<\/a><\/td><td class=\"column-3\">Tom\u00e0s Aluja<\/td><td class=\"column-4\">UPC<\/td><td class=\"column-5\">2014<\/td>\n<\/tr>\n<tr class=\"row-17\">\n\t<td class=\"column-1\">Antonio Villegas<\/td><td class=\"column-2\"><a href=\"http:\/\/www.tdx.cat\/handle\/10803\/116817\">A filtering engine for large conceptual schemas<\/a><\/td><td class=\"column-3\">Antoni Oliv\u00e9 i Maria Ribera Sancho<\/td><td class=\"column-4\">UPC<\/td><td class=\"column-5\">2013<\/td>\n<\/tr>\n<tr class=\"row-18\">\n\t<td class=\"column-1\">Maria Jes\u00fas Marco Galindo<\/td><td class=\"column-2\"><a href=\"https:\/\/www.tdx.cat\/handle\/10803\/145070\">Enginyeria curricular del sistema d&#8217;enenyament-aprenentatge de la compet\u00e8ncia comunicativa escrita en els plans d\u2019estudi TIC de la UOC<\/a><\/td><td class=\"column-3\">Joan Antoni Pastor i Maria Ribera Sancho<\/td><td class=\"column-4\">UOC<\/td><td class=\"column-5\">2013<\/td>\n<\/tr>\n<tr class=\"row-19\">\n\t<td class=\"column-1\">Josep Maria Marco Sim\u00f3<\/td><td class=\"column-2\"><a href=\"https:\/\/www.tdx.cat\/handle\/10803\/110693\">L&#8217;acord marc d&#8217;homologaci\u00f3 de serveis TIC de la Generalitat de Catalunya: un cas d&#8217;aprovisionament de SSTI a l&#8217;administraci\u00f3 p\u00fablica<\/a><\/td><td class=\"column-3\">Joan Antoni Pastor<\/td><td class=\"column-4\">UOC<\/td><td class=\"column-5\">2013<\/td>\n<\/tr>\n<tr class=\"row-20\">\n\t<td class=\"column-1\">Xavier Maro\u00f1as Borras<\/td><td class=\"column-2\"><a href=\"http:\/\/www.tdx.cat\/handle\/10803\/134959\">Rights and services interoperability for multimedia content management<\/a><\/td><td class=\"column-3\">Jaime Delgado, Silvia Llorente i Eva Rodr\u00edguez.<\/td><td class=\"column-4\">UPC<\/td><td class=\"column-5\">2013<\/td>\n<\/tr>\n<tr class=\"row-21\">\n\t<td class=\"column-1\">Albert Tort<\/td><td class=\"column-2\"><a href=\"http:\/\/www.tdx.cat\/handle\/10803\/83276\">Testing and test-driven development of conceptual schemas<\/a><\/td><td class=\"column-3\">Antoni Oliv\u00e9 i Maria Ribera Sancho<\/td><td class=\"column-4\">UPC<\/td><td class=\"column-5\">2012<\/td>\n<\/tr>\n<tr class=\"row-22\">\n\t<td class=\"column-1\">Hanna Grzybowska<\/td><td class=\"column-2\"><a href=\"https:\/\/www.tdx.cat\/handle\/10803\/125067\">Combination of Vehicle Routing Models and Dynamic Traffic Simulation for City Logistics Applications<\/a><\/td><td class=\"column-3\">Jaume Barcel\u00f3<\/td><td class=\"column-4\">UPC<\/td><td class=\"column-5\">2012<\/td>\n<\/tr>\n<tr class=\"row-23\">\n\t<td class=\"column-1\">Jes\u00fas Arturo Orozco Leyva<\/td><td class=\"column-2\">A Microscopic Traffic Simulation Based Decision Support System for Real Time Management<\/td><td class=\"column-3\">Jaume Barcel\u00f3<\/td><td class=\"column-4\">UPC<\/td><td class=\"column-5\">2011<\/td>\n<\/tr>\n<tr class=\"row-24\">\n\t<td class=\"column-1\">Alba Mart\u00ednez<\/td><td class=\"column-2\">Patent Value Models: Partial Least Squares Path Modeling with Mode C and Few Indicators<\/td><td class=\"column-3\">Tom\u00e0s Aluja<\/td><td class=\"column-4\">UPC<\/td><td class=\"column-5\">2011<\/td>\n<\/tr>\n<tr class=\"row-25\">\n\t<td class=\"column-1\">Guillem Rull<\/td><td class=\"column-2\"><a href=\"http:\/\/www.tdx.cat\/handle\/10803\/6652\">Validation of Mappings between Data Schemas<\/a><\/td><td class=\"column-3\">Carles Farr\u00e9 i Antoni Urp\u00ed<\/td><td class=\"column-4\">UPC<\/td><td class=\"column-5\">2011<\/td>\n<\/tr>\n<tr class=\"row-26\">\n\t<td class=\"column-1\">Oscar Romero<\/td><td class=\"column-2\"><a href=\"http:\/\/www.tdx.cat\/handle\/10803\/6670\">Automating the Multidimensional Design of Data Warehouses<\/a><\/td><td class=\"column-3\">Albert Abello<\/td><td class=\"column-4\">UPC<\/td><td class=\"column-5\">2010<\/td>\n<\/tr>\n<tr class=\"row-27\">\n\t<td class=\"column-1\">Gast\u00f3n S\u00e1nchez<\/td><td class=\"column-2\">PATHMOX approach: Segmentation Trees in Partial Least Squares Path Modeling<\/td><td class=\"column-3\">Tom\u00e0s Aluja<\/td><td class=\"column-4\">UPC<\/td><td class=\"column-5\">2009<\/td>\n<\/tr>\n<tr class=\"row-28\">\n\t<td class=\"column-1\">Anna Queralt<\/td><td class=\"column-2\"><a href=\"http:\/\/www.tdx.cat\/handle\/10803\/6665\">Validation of UML Schemas with OCL Constraints and Operations<\/a><\/td><td class=\"column-3\">Ernest Teniente<\/td><td class=\"column-4\">UPC<\/td><td class=\"column-5\">2009<\/td>\n<\/tr>\n<tr class=\"row-29\">\n\t<td class=\"column-1\">Ruth Ravent\u00f3s<\/td><td class=\"column-2\">An Object-Oriented Approach to the Translation between MOF Metaschemas<\/td><td class=\"column-3\">Antoni Oliv\u00e9<\/td><td class=\"column-4\">UPC<\/td><td class=\"column-5\">2009<\/td>\n<\/tr>\n<tr class=\"row-30\">\n\t<td class=\"column-1\">Jordi Conesa<\/td><td class=\"column-2\">Pruning and Refactoring Ontologies in the Development of Conceptual Schemas of Information Systems<\/td><td class=\"column-3\">Antoni Oliv\u00e9<\/td><td class=\"column-4\">UPC<\/td><td class=\"column-5\">2008<\/td>\n<\/tr>\n<tr class=\"row-31\">\n\t<td class=\"column-1\">Merc\u00e8 Comas<\/td><td class=\"column-2\">Applications of Discrete Event Simulation to Health Services Research<\/td><td class=\"column-3\">Jaume Barcel\u00f3 i Xavier Castells<\/td><td class=\"column-4\">UPC<\/td><td class=\"column-5\">2008<\/td>\n<\/tr>\n<tr class=\"row-32\">\n\t<td class=\"column-1\">Pau Fonseca<\/td><td class=\"column-2\">Integrating Evolutionary Models in an Event-Scheduling Simulation Engine<\/td><td class=\"column-3\">Josep Casanovas<\/td><td class=\"column-4\">UPC<\/td><td class=\"column-5\">2007<\/td>\n<\/tr>\n<tr class=\"row-33\">\n\t<td class=\"column-1\">Jordi Cabot<\/td><td class=\"column-2\"><a href=\"http:\/\/www.sciencedirect.com\/science\/article\/pii\/S0164121209000508\">Incremental Integrity Checking in UML\/OCL Conceptual Schemas<\/a><\/td><td class=\"column-3\">Ernest Teniente<\/td><td class=\"column-4\">UPC<\/td><td class=\"column-5\">2006<\/td>\n<\/tr>\n<tr class=\"row-34\">\n\t<td class=\"column-1\">Carlos Alberto Ju\u00e1rez Alonso<\/td><td class=\"column-2\">Fusi\u00f3n de Datos: Imputaci\u00f3n y Validaci\u00f3n<\/td><td class=\"column-3\">Tom\u00e0s Aluja<\/td><td class=\"column-4\">UPC<\/td><td class=\"column-5\">2005<\/td>\n<\/tr>\n<tr class=\"row-35\">\n\t<td class=\"column-1\">Josep Daunis<\/td><td class=\"column-2\">Estudi de les in\u00e8rcies estructurals en an\u00e0lisis de correspond\u00e8ncies. Aportacions per a una millora de les an\u00e0lisis<\/td><td class=\"column-3\">Tom\u00e0s Aluja<\/td><td class=\"column-4\">UPC<\/td><td class=\"column-5\">2005<\/td>\n<\/tr>\n<tr class=\"row-36\">\n\t<td class=\"column-1\">Jordi Casas<\/td><td class=\"column-2\">Estimation of Transport Demand for Real-Time Applications<\/td><td class=\"column-3\">Jaume Barcel\u00f3<\/td><td class=\"column-4\">UPC<\/td><td class=\"column-5\">2005<\/td>\n<\/tr>\n<tr class=\"row-37\">\n\t<td class=\"column-1\">I. Abbas<\/td><td class=\"column-2\">Integraci\u00f3n de los modelos de simulaci\u00f3n en el dise\u00f1o de los ensayos cl\u00ednicos<\/td><td class=\"column-3\">Josep Casanovas i Joan Rovira<\/td><td class=\"column-4\">UPC<\/td><td class=\"column-5\">2004<\/td>\n<\/tr>\n<tr class=\"row-38\">\n\t<td class=\"column-1\">Carles Farr\u00e9<\/td><td class=\"column-2\">A New Method for Query Containment Checking in Databases<\/td><td class=\"column-3\">Ernest Teniente i Antoni Urp\u00ed<\/td><td class=\"column-4\">UPC<\/td><td class=\"column-5\">2003<\/td>\n<\/tr>\n<tr class=\"row-39\">\n\t<td class=\"column-1\">Cristina G\u00f3mez<\/td><td class=\"column-2\">Evoluci\u00f3 de les taxonomies de tipus d&#8217;entitat en esquemes conceptuals en UML<\/td><td class=\"column-3\">Antoni Oliv\u00e9<\/td><td class=\"column-4\">UPC<\/td><td class=\"column-5\">2003<\/td>\n<\/tr>\n<tr class=\"row-40\">\n\t<td class=\"column-1\">Dulce Mar\u00eda Rosas D\u00edaz<\/td><td class=\"column-2\">Using ACCPM for the General Traffic Assignment<\/td><td class=\"column-3\">L\u00eddia Montero<\/td><td class=\"column-4\">UPC<\/td><td class=\"column-5\">2003<\/td>\n<\/tr>\n<tr class=\"row-41\">\n\t<td class=\"column-1\">Enric Mayol<\/td><td class=\"column-2\"><a href=\"http:\/\/www.tdx.cat\/handle\/10803\/6652\">Actualitzaci\u00f3 consistent de bases de dades deductives<\/a><\/td><td class=\"column-3\">Ernest Teniente<\/td><td class=\"column-4\">UPC<\/td><td class=\"column-5\">2000<\/td>\n<\/tr>\n<\/tbody>\n<\/table>\n<!-- #tablepress-4 from cache -->\n\t\t\t\t\t\t\t\t<\/div>\n\t\t\t\t<\/div>\n\t\t\t\t\t<\/div>\n\t\t\t\t<\/div>\n\t\t\t\t<\/div>\n\t\t","protected":false},"excerpt":{"rendered":"<p>Tesis Tesis dirigidas por miembros del grupo<\/p>\n","protected":false},"author":40,"featured_media":0,"parent":0,"menu_order":0,"comment_status":"closed","ping_status":"closed","template":"","meta":{"_acf_changed":false,"footnotes":""},"class_list":["post-29283","page","type-page","status-publish","hentry"],"acf":[],"_links":{"self":[{"href":"https:\/\/imp.upc.edu\/es\/wp-json\/wp\/v2\/pages\/29283","targetHints":{"allow":["GET"]}}],"collection":[{"href":"https:\/\/imp.upc.edu\/es\/wp-json\/wp\/v2\/pages"}],"about":[{"href":"https:\/\/imp.upc.edu\/es\/wp-json\/wp\/v2\/types\/page"}],"author":[{"embeddable":true,"href":"https:\/\/imp.upc.edu\/es\/wp-json\/wp\/v2\/users\/40"}],"replies":[{"embeddable":true,"href":"https:\/\/imp.upc.edu\/es\/wp-json\/wp\/v2\/comments?post=29283"}],"version-history":[{"count":7,"href":"https:\/\/imp.upc.edu\/es\/wp-json\/wp\/v2\/pages\/29283\/revisions"}],"predecessor-version":[{"id":43712,"href":"https:\/\/imp.upc.edu\/es\/wp-json\/wp\/v2\/pages\/29283\/revisions\/43712"}],"wp:attachment":[{"href":"https:\/\/imp.upc.edu\/es\/wp-json\/wp\/v2\/media?parent=29283"}],"curies":[{"name":"wp","href":"https:\/\/api.w.org\/{rel}","templated":true}]}}