{"id":43672,"date":"2024-10-23T12:09:44","date_gmt":"2024-10-23T10:09:44","guid":{"rendered":"https:\/\/imp.upc.edu\/politica-de-privacidad\/"},"modified":"2024-10-23T13:20:38","modified_gmt":"2024-10-23T11:20:38","slug":"politica-de-privacidad","status":"publish","type":"page","link":"https:\/\/imp.upc.edu\/es\/politica-de-privacidad\/","title":{"rendered":"Condiciones de uso y privacidad"},"content":{"rendered":"\t\t<div data-elementor-type=\"wp-page\" data-elementor-id=\"43672\" class=\"elementor elementor-43672 elementor-43575\" data-elementor-post-type=\"page\">\n\t\t\t\t<div class=\"elementor-element elementor-element-daa92c2 e-flex e-con-boxed e-con e-parent\" data-id=\"daa92c2\" data-element_type=\"container\" data-e-type=\"container\">\n\t\t\t\t\t<div class=\"e-con-inner\">\n\t\t<div class=\"elementor-element elementor-element-f54251d e-con-full e-flex e-con e-child\" data-id=\"f54251d\" data-element_type=\"container\" data-e-type=\"container\">\n\t\t\t\t<\/div>\n\t\t<div class=\"elementor-element elementor-element-3f06542 e-con-full e-flex e-con e-child\" data-id=\"3f06542\" data-element_type=\"container\" data-e-type=\"container\">\n\t\t\t\t<div class=\"elementor-element elementor-element-5533fa8 elementor-widget-divider--view-line elementor-widget elementor-widget-divider\" data-id=\"5533fa8\" data-element_type=\"widget\" data-e-type=\"widget\" data-widget_type=\"divider.default\">\n\t\t\t\t<div class=\"elementor-widget-container\">\n\t\t\t\t\t\t\t<div class=\"elementor-divider\">\n\t\t\t<span class=\"elementor-divider-separator\">\n\t\t\t\t\t\t<\/span>\n\t\t<\/div>\n\t\t\t\t\t\t<\/div>\n\t\t\t\t<\/div>\n\t\t\t\t<div class=\"elementor-element elementor-element-ceea850 elementor-widget elementor-widget-text-editor\" data-id=\"ceea850\" data-element_type=\"widget\" data-e-type=\"widget\" id=\"text_politica_privacitat\" data-widget_type=\"text-editor.default\">\n\t\t\t\t<div class=\"elementor-widget-container\">\n\t\t\t\t\t\t\t\t\t<h1>Condiciones de uso y privacidad<\/h1>\n<h2 class=\"wp-block-heading\">1. Aceptaci\u00f3n de las condiciones de uso<\/h2>\n<hr class=\"wp-block-separator has-alpha-channel-opacity\">\n<p>Los usuarios deber\u00e1n leer las presentes condiciones de uso y privacidad de esta p\u00e1gina web.<\/p>\n<p>El uso de la web del<strong> Information Modeling and Processing Research Group<\/strong> (IMP de ahora en adelante) implica que el usuario conoce y acepta plenamente las advertencias legales y condiciones vigentes en cada momento que acceda al mismo, que a continuaci\u00f3n se especifican. Asimismo, la utilizaci\u00f3n de determinados servicios que este sitio oficial pone a disposici\u00f3n de sus usuarios puede estar sometida a condiciones, advertencias o instrucciones especiales, que tambi\u00e9n deber\u00e1n ser consultadas y aceptadas sin reservas por aquellos. <\/p>\n<p><strong>Gratuidad del acceso<\/strong><\/p>\n<p>La utilizaci\u00f3n del sitio oficial de IMP posee car\u00e1cter gratuito. No obstante, la contrataci\u00f3n de algunos de los servicios que ofrece la web puede estar condicionada al pago de un precio, actualmente o en el futuro, en cuyo caso deber\u00e1 estar convenientemente indicado. <\/p>\n<p><strong>Registro de usuario<\/strong><\/p>\n<p>Con car\u00e1cter general, el acceso y la utilizaci\u00f3n de esta web no exigir\u00e1n la previa inscripci\u00f3n o registro de los usuarios. No obstante, con car\u00e1cter excepcional, el acceso a determinados servicios puede estar supeditado al registro del usuario en las bases de datos de IMP. En estos casos, los datos de car\u00e1cter personal facilitados a IMP como consecuencia de la utilizaci\u00f3n de la web ser\u00e1n objeto de tratamiento por el mismo, en las condiciones y t\u00e9rminos especificados en la cl\u00e1usula 6 de estas condiciones de uso y privacidad.  <\/p>\n<p>Las credenciales de usuario ser\u00e1n para uso exclusivo del usuario titular y su custodia, su confidencialidad y su correcta utilizaci\u00f3n ser\u00e1n de su exclusiva responsabilidad.<\/p>\n<p>IMP no ser\u00e1 responsable de ning\u00fan perjuicio en el que el usuario o terceros puedan incurrir como consecuencia de que otras personas utilicen sus credenciales, tanto con su conocimiento como sin \u00e9l.<\/p>\n<p><strong>Modificaciones por parte de los usuarios<\/strong><\/p>\n<p>Con car\u00e1cter general, no se permitir\u00e1 a los usuarios la modificaci\u00f3n de las p\u00e1ginas que constituyen el sitio web de IMP ni de sus contenidos.<\/p>\n<p>IMP se reserva el derecho a modificar las p\u00e1ginas y contenidos de su sitio web, as\u00ed como sus condiciones de uso, y a publicarlo as\u00ed en este mismo sitio web.<\/p>\n<p><strong>Restricciones de acceso y uso<\/strong><\/p>\n<p>La utilizaci\u00f3n del sitio oficial de IMP deber\u00e1 obedecer al contenido de estas condiciones generales y de cualquiera de las disposiciones legales aplicables.<\/p>\n<p>IMP se reserva el derecho unilateral de denegar el acceso a este sitio web a los usuarios que incumplan estas condiciones de uso y privacidad.<\/p>\n<hr class=\"wp-block-separator has-alpha-channel-opacity\">\n<h2 class=\"wp-block-heading\">2. Derechos de propiedad intelectual e industrial<\/h2>\n<hr class=\"wp-block-separator has-alpha-channel-opacity\">\n<p><strong><br \/>Propiedad industrial<\/strong><\/p>\n<p>La denominaci\u00f3n IMP, as\u00ed como otros signos distintivos (gr\u00e1ficos o denominativos) que aparecen en esta web, son propiedad exclusiva de IMP, que los tiene debidamente registrados. Su titularidad le otorga, de conformidad con el art. 34 de la Ley 17\/2001, de 17 de diciembre, de marcas, as\u00ed como con otras legislaciones nacionales que pudieran ser aplicables, el derecho exclusivo de utilizar los citados signos distintivos en el tr\u00e1fico econ\u00f3mico. Por lo tanto, queda prohibida su utilizaci\u00f3n por parte de terceros que carezcan de autorizaci\u00f3n.   <\/p>\n<p>El eventual uso en este sitio de signos distintivos de titularidad ajena a la rese\u00f1ada en el p\u00e1rrafo precedente deber\u00e1 efectuarse con la autorizaci\u00f3n de sus leg\u00edtimos propietarios, siempre respetando sus derechos de exclusividad.<\/p>\n<p><strong>Nombres de dominio<\/strong><\/p>\n<p>En el mismo sentido que el referido en el apartado precedente, el nombre de dominio \u00abimp.fib.upc.edu\u00bb y todos aquellos que sirvan para acceder de forma directa a este sitio oficial son de titularidad exclusiva de IMP. La indebida utilizaci\u00f3n de los mismos en el tr\u00e1fico econ\u00f3mico supondr\u00eda una infracci\u00f3n de los derechos conferidos por su registro y ser\u00e1 perseguida por los medios previstos por la ley. <\/p>\n<p><strong>Propiedad intelectual<\/strong><\/p>\n<p>Quedan exentos de esta protecci\u00f3n aquellos archivos o programas de ordenador cuya titularidad no corresponde a IMP y que son de acceso gratuito (freeware), que el usuario puede descargar desde varias p\u00e1ginas de este sitio con la finalidad de posibilitar el acceso a los mismos. Se trata, en todo caso, de aplicaciones que tienen el car\u00e1cter de dominio p\u00fablico por expresa voluntad de sus autores. <\/p>\n<p>El usuario queda expresamente autorizado por IMP a visualizar, imprimir, copiar o almacenar, de cualquier forma, en su disco duro u otro soporte f\u00edsico, las creaciones intelectuales protegidas y cualquier otro contenido o activo amparado o no por un derecho de exclusividad, siempre que ello se efect\u00fae con finalidades personales y privadas del usuario, sin finalidad comercial o de distribuci\u00f3n y sin modificar, alterar o descompilar los citados derechos y contenidos. Esta facultad de uso personal se entiende reconocida siempre que se respeten intactas las advertencias sobre los derechos de autor y de propiedad industrial aqu\u00ed recogidos y que no suponga la concesi\u00f3n de licencia alguna al usuario. <\/p>\n<p>Asimismo, los museos, bibliotecas, fonotecas, filmotecas, hemerotecas o archivos, de titularidad p\u00fablica o integradas en instituciones de car\u00e1cter cultural o cient\u00edfico, quedan exentos de solicitar la autorizaci\u00f3n de IMP para la reproducci\u00f3n del material contenido y, en general, de cualquier creaci\u00f3n intelectual existente en este sitio oficial, o de cualquier activo amparado o no por un derecho de exclusividad, cuando aquella se realice sin finalidad lucrativa y exclusivamente para finalidades de investigaci\u00f3n.<\/p>\n<p>Cualquier otra utilizaci\u00f3n requerir\u00e1 la autorizaci\u00f3n expresa y por escrito de IMP.<\/p>\n<p><strong>Reserva de acciones<\/strong><\/p>\n<p>El usuario del sitio web se comprometer\u00e1 a respetar los derechos enunciados y evitar cualquier actuaci\u00f3n que pueda perjudicarlos.<\/p>\n<p>De acuerdo con los fines especificados, la utilizaci\u00f3n no autorizada de los derechos de propiedad industrial e intelectual cuya titularidad corresponda a IMP y que est\u00e9n relacionados o contenidos en esta web, as\u00ed como cualquier vulneraci\u00f3n de la posesi\u00f3n pac\u00edfica y la titularidad de los derechos mencionados, ser\u00e1 perseguida con los medios que la legislaci\u00f3n, tanto espa\u00f1ola como internacional, prev\u00e9.<\/p>\n<p>En este sentido, IMP hace expresa reserva del ejercicio de cuantas acciones, tanto civiles como penales, amparen sus leg\u00edtimos derechos de propiedad intelectual e industrial.<\/p>\n<hr class=\"wp-block-separator has-alpha-channel-opacity\">\n<h2 class=\"wp-block-heading\">3. Enlaces<\/h2>\n<hr class=\"wp-block-separator has-alpha-channel-opacity\">\n<p>En el sitio web de IMP el usuario podr\u00e1 encontrar varios enlaces que le conducir\u00e1n a p\u00e1ginas web independientes de esta. Su \u00fanica finalidad es facilitar el acceso a otras fuentes de informaci\u00f3n en Internet relacionadas con la cultura y la educaci\u00f3n, y su inserci\u00f3n en este sitio web est\u00e1 inspirada en el respeto de los derechos de propiedad intelectual que, en su caso, correspondan a sus autores. IMP declina cualquier responsabilidad sobre sus contenidos o los servicios que prestan y no se responsabiliza de la integridad y la veracidad de los mismos.  <\/p>\n<p>IMP, para permitir que otras p\u00e1ginas o sitios web enlacen con ella, exigir\u00e1 el cumplimiento de las siguientes normas, previa solicitud de autorizaci\u00f3n de enlace por parte de estos:<\/p>\n<p>a) El enlace deber\u00e1 contener la identificaci\u00f3n de la fuente.<br \/>b) El efecto de accionar el \u00abbot\u00f3n de enlace\u00bb deber\u00e1 ser la comunicaci\u00f3n con el sitio o cualquiera de las p\u00e1ginas web de IMP y no una incorporaci\u00f3n de los contenidos de estos en la p\u00e1gina en cuesti\u00f3n.<br \/>c) Deber\u00e1n respetar los derechos de propiedad intelectual e industrial de IMP, de modo que no podr\u00e1n incorporarse a la p\u00e1gina en cuesti\u00f3n s\u00edmbolos distintivos, logos, buscadores, etc. propios de IMP.<br \/>d) Rec\u00edprocamente, IMP deber\u00e1 poder establecer desde su p\u00e1gina web enlaces con la p\u00e1gina web en cuesti\u00f3n, si lo considera oportuno.<\/p>\n<p>Por el incumplimiento de estas condiciones o por otras razones, si lo estima oportuno, IMP podr\u00e1 revocar la autorizaci\u00f3n, sin derecho a indemnizaci\u00f3n ni compensaci\u00f3n alguna.<\/p>\n<hr class=\"wp-block-separator has-alpha-channel-opacity\">\n<h2 class=\"wp-block-heading\">4. Exenci\u00f3n de responsabilidad<\/h2>\n<hr class=\"wp-block-separator has-alpha-channel-opacity\">\n<h3 class=\"wp-block-heading\">Por contenidos<\/h3>\n<p>\u2013<strong>Informaciones<\/strong>: las informaciones, tanto propias como de terceros, que aparecen en el sitio web \u00abimp.fib.upc.edu\u00bb se proporcionan \u00abcomo est\u00e1n\u00bb, sin garant\u00edas de ning\u00fan tipo en cuanto a su exactitud y actualizaci\u00f3n, excepto cuando la legislaci\u00f3n vigente as\u00ed lo requiera. En consecuencia, IMP no se hace responsable de los posibles perjuicios que pueda causar la utilizaci\u00f3n de las mismas. Asimismo, IMP no se hace responsable de la licitud del contenido suministrado por los proveedores, usuarios y otros terceros a trav\u00e9s de cualquier forma de utilizaci\u00f3n de este sitio web. En cualquier caso, IMP se compromete a actuar con diligencia para evitar la existencia en su sitio web de contenidos il\u00edcitos y, en caso de que tenga conocimiento efectivo de dichos contenidos, a eliminarlos o a impedir el acceso a los mismos.   <\/p>\n<p>\u2013<strong>Errores<\/strong>: en relaci\u00f3n con lo mencionado en el p\u00e1rrafo anterior, los documentos publicados podr\u00edan contener inconsistencias t\u00e9cnicas o errores tipogr\u00e1ficos involuntarios, cuya responsabilidad no recae en IMP, aunque este se compromete a enmendarlos, lo antes posible, desde el momento en que tenga conocimiento de los mismos.<\/p>\n<p>\u2013<strong>Enlaces<\/strong>: los enlaces, con o sin contenido publicitario, existentes en esta web permiten al usuario dejar el sitio web de la IMP. Los lugares enlazados no est\u00e1n relacionados, excepto que exista alguna especificaci\u00f3n en contra, con IMP, que no se hace responsable de los contenidos a los que se acceda en virtud de los enlaces mencionados, ni de las modificaciones que se lleven a cabo, ni del uso que de aquellos se haga, ni de la disponibilidad t\u00e9cnica de los mismos. En cualquier caso, IMP se compromete a hacer lo posible por evitar la existencia en su sitio web de enlaces a sitios de contenido ilegal, que promuevan actividades il\u00edcitas y, en general, que sean susceptibles de atentar contra los principios de libertad y de dignidad humana o que vulneren los valores y derechos reconocidos por la Constituci\u00f3n espa\u00f1ola y por la Declaraci\u00f3n Universal de los Derechos Humanos. Asimismo, en caso de que tenga conocimiento de la existencia de dichos enlaces a lugares de contenido ilegal, IMP se compromete a actuar con diligencia para suprimirlos de forma inmediata.   <\/p>\n<p>\u2013<strong>Foros de debate y tertulias<\/strong>: IMP no es responsable de las opiniones que pudieran expresarse en los diferentes foros permanentes y en las tertulias ocasionales que se desarrollen en el s\u00ed de este sitio. En cualquier caso, es prop\u00f3sito de IMP procurar una utilizaci\u00f3n correcta de estos mecanismos, con el m\u00e1ximo respecto a la dignidad de las personas y a la libertad de expresi\u00f3n amparada por la Constituci\u00f3n espa\u00f1ola. <\/p>\n<p>\u2013<strong>Modificaci\u00f3n de contenidos<\/strong>: la informaci\u00f3n, la presentaci\u00f3n y los servicios que ofrece este sitio web pueden ser sometidos a cambios peri\u00f3dicos o puntuales, susceptibles de ser efectuados libremente por IMP sin que est\u00e9 obligada a comunicarlos a los usuarios.<\/p>\n<h3 class=\"wp-block-heading\">Por el funcionamiento<\/h3>\n<p>\u2013<strong>Privacidad<\/strong>: IMP no garantiza la privacidad absoluta en la utilizaci\u00f3n de este sitio, ya que no puede descartarse la posibilidad de que terceros no autorizados puedan tener conocimiento de la informaci\u00f3n y de las circunstancias en las que se elabora.<\/p>\n<p>\u2013<strong>Seguridad y Virus<\/strong>: IMP no acepta ninguna responsabilidad por los posibles da\u00f1os causados por los accesos no autorizados, ataques, intrusiones o virus inform\u00e1ticos, cuya ausencia no queda absolutamente garantizada por las medidas de seguridad adoptadas en los sistemas de IMP.<\/p>\n<p>\u2013<strong>Fallos t\u00e9cnicos<\/strong>: IMP queda eximida de cualquier responsabilidad derivada del mal funcionamiento del sitio o de cualquiera de sus servicios cuyo origen est\u00e9 en una circunstancia accidental, una fuerza mayor, trabajos necesarios de mantenimiento o cualquier otra causa no imputable a la misma.<\/p>\n<hr class=\"wp-block-separator has-alpha-channel-opacity\">\n<h2 class=\"wp-block-heading\">5. Privacidad<\/h2>\n<hr class=\"wp-block-separator has-alpha-channel-opacity\">\n<p><strong><br \/>Cookies<\/strong><\/p>\n<p>El sitio web de IMP utiliza cookies propias y de terceros para mejorar la experiencia de navegaci\u00f3n y con fines estad\u00edsticos.<\/p>\n<p>La ley establece que podemos almacenar cookies en el dispositivo de los usuarios si son estrictamente necesarias para el funcionamiento de este sitio. Para todos los otros tipos de cookies es necesario pedir consentimiento. <\/p>\n<p>En cualquier momento el usuario podr\u00e1 cambiar o retirar su consentimiento sobre uso de cookies accediendo al enlace de gesti\u00f3n de la privacidad que se encuentra al pie de cada p\u00e1gina.<\/p>\n<p><strong>Servidor cach\u00e9 (proxy cache server)<\/strong><\/p>\n<p>IMP pone en conocimiento de los usuarios que puede tener implementado un servicio denominado proxy cache server, cuya finalidad es el almacenaje intermedio de p\u00e1ginas web y archivos ftp para la mejora del rendimiento de la red, as\u00ed como la verificaci\u00f3n de que no suponen un peligro para la red corporativa. Los ficheros de registro o log de este servicio, que contienen exclusivamente las direcciones URL solicitadas por cada IP, se eliminan con la periodicidad que se determine, de acuerdo con el Reglamento de seguridad inform\u00e1tica, y sus datos no ser\u00e1n cedidos por IMP excepto en el caso de que, en estricto cumplimiento de los pertinentes requerimientos judiciales o, en su caso, de una autoridad legalmente autorizada, le sean exigidos. <\/p>\n<p><strong>Monitorizaci\u00f3n y registros de actividad<\/strong><\/p>\n<p>IMP comunica a los usuarios que dispone de sistemas de monitorizaci\u00f3n que registran la direcci\u00f3n IP del usuario y su actividad en la red de IMP. La finalidad de esta monitorizaci\u00f3n es gestionar la prestaci\u00f3n del servicio, hacer estad\u00edsticas y velar por la seguridad de los sistemas de informaci\u00f3n. En situaciones de riesgo genera alertas, identifica los equipos afectados y permite su aislamiento de la red hasta la normalizaci\u00f3n del funcionamiento de los sistemas.  <\/p>\n<p><strong>Redes sociales<\/strong><\/p>\n<p>Cuando un usuario decide seguir a IMP en las redes sociales Twitter, Instagram, LinkedIn, etc., o cuando comparte nuestros contenidos en estas redes, acepta no s\u00f3lo nuestras pol\u00edticas de privacidad en este \u00e1mbito, sino tambi\u00e9n las propias del proveedor de servicios de red social, incluidas las relativas al tratamiento de datos personales bajo las leyes y la jurisdicci\u00f3n del pa\u00eds del proveedor.<\/p>\n<hr class=\"wp-block-separator has-alpha-channel-opacity\">\n<h2 class=\"wp-block-heading\">6. Protecci\u00f3n datos de car\u00e1cter personal<\/h2>\n<hr class=\"wp-block-separator has-alpha-channel-opacity\">\n<p>IMP comunica a los usuarios de este sitio web que IMP puede llevar a cabo un tratamiento automatizado de aquellos datos personales que le son facilitados, como consecuencia de la utilizaci\u00f3n de este sitio web y en estricto cumplimiento de lo establecido en la legislaci\u00f3n en materia de protecci\u00f3n de datos.<\/p>\n<p>Los usuarios deber\u00e1n garantizar la veracidad y autenticidad de las informaciones y datos que comuniquen en virtud de la utilizaci\u00f3n de la web. En este sentido, los usuarios deber\u00e1n mantener actualizadas las informaciones y datos de modo que se correspondan con la realidad en cada momento. Cualquier manifestaci\u00f3n falsa o inexacta que se produzca a consecuencia de las informaciones y datos comunicados, as\u00ed como los perjuicios que puedan derivarse de ellos, ser\u00e1n responsabilidad de los usuarios.  <\/p>\n<p>En cumplimiento del que dispone el Reglamento (UE) 2016\/679 del Parlamento y del Consejo de 27 de abril de 2016, relativo a la protecci\u00f3n de las personas f\u00edsicas en cuanto al tratamiento de datos personales y a la libre circulaci\u00f3n de estos datos (en lo sucesivo, RGPD), os informamos que los datos de car\u00e1cter personal se recopilan y se tratan con las finalidades descritas en el Registro de Actividades de Tratamiento de datos personales de la UPC (<a href=\"https:\/\/rat.upc.edu\/\" target=\"_blank\" rel=\"noreferrer noopener\">https:\/\/rat.upc.edu<\/a>). En particular, en cuanto a la gesti\u00f3n de forma multicanal del servicio de informaci\u00f3n y atenci\u00f3n a las personas que contactan con esta, la informaci\u00f3n b\u00e1sica de protecci\u00f3n de datos es la que se describe en este enlace <a href=\"https:\/\/rat.upc.edu\/ca\/registre-de-tractaments-de-dades-personals\/F03.13\" target=\"_blank\" rel=\"noreferrer noopener\">https:\/\/rat.upc.edu\/ca\/registre-de-tractaments-de-dades-personals\/f03.13<\/a>. <\/p>\n<p>Los usuarios pueden ejercer, en cualquier momento, los derechos de acceso, rectificaci\u00f3n, supresi\u00f3n, oposici\u00f3n, limitaci\u00f3n del tratamiento y portabilidad de sus datos recopilados y archivados. El ejercicio de estos derechos deber\u00e1 efectuarse mediante una comunicaci\u00f3n escrita dirigida al personal gestor del sitio web de IMP (<a href=\"\">socialnets@fib.upc.edu<\/a>). El ejercicio de estos derechos no afecta de modo alguno al acceso al sitio web ni, en su caso, a la condici\u00f3n de abonado del usuario.  <\/p>\n<p>Los datos registrados podr\u00e1n ser utilizados con la finalidad de elaborar estad\u00edsticas, remitir informaci\u00f3n cient\u00edfica y acad\u00e9mica, gestionar las incidencias o realizar estudios de mercado, adem\u00e1s de las finalidades para las que hayan sido expresamente obtenidos.<\/p>\n<p>En caso de que sea necesario, los datos de car\u00e1cter personal facilitados por los usuarios podr\u00e1n ser comunicados a terceros con el solo objeto de cumplir las finalidades anteriormente se\u00f1aladas, de conformidad con lo establecido en el art\u00edculo 6 del RGPD, por lo que, cuando sea oportuno, deber\u00e1 obtenerse el consentimiento de las personas interesadas.<\/p>\n<p>Al facilitar los datos de car\u00e1cter personal a IMP, los usuarios aceptan plenamente y sin reservas que IMP lleve a cabo el tratamiento de los datos personales que sean adecuados, pertinentes y limitados al cumplimiento de la finalidad de atenderlos correctamente y con relaci\u00f3n al ejercicio de las funciones de IMP, de conformidad con lo dispuesto por los principios relativos al tratamiento previstos en el cap\u00edtulo II del RGPD (art\u00edculo 5 del RGPD).<\/p>\n<p>IMP se compromete a cumplir la obligaci\u00f3n de guardar el secreto respecto a los datos de car\u00e1cter personal que sean objeto de tratamiento y expresa su intenci\u00f3n de poner en pr\u00e1ctica las medidas necesarias para garantizar una seguridad adecuada, incluyendo la protecci\u00f3n contra el tratamiento no autorizado o il\u00edcito y contra la p\u00e9rdida, destrucci\u00f3n o da\u00f1o accidental de los datos, mediante la aplicaci\u00f3n de las adecuadas medidas t\u00e9cnicas u organizativas (\u201cintegridad y confidencialidad\u201d).<\/p>\n<hr class=\"wp-block-separator has-alpha-channel-opacity\">\n<h2 class=\"wp-block-heading\">7. Terminaci\u00f3n de los servicios<\/h2>\n<hr class=\"wp-block-separator has-alpha-channel-opacity\">\n<p>Si bien, en principio, la duraci\u00f3n de este sitio es indeterminada, IMP se reserva el derecho a suspender o dar por finalizada la prestaci\u00f3n de algunos o todos sus servicios, sin que dicha decisi\u00f3n deba ser comunicada con antelaci\u00f3n a los usuarios del mismo.<\/p>\n<hr class=\"wp-block-separator has-alpha-channel-opacity\">\n<h2 class=\"wp-block-heading\">8. Ley y jurisdicci\u00f3n aplicable<\/h2>\n<hr class=\"wp-block-separator has-alpha-channel-opacity\">\n<p>Estas condiciones de uso y privacidad se rigen por las leyes espa\u00f1olas.<\/p>\n<p>Cualquier controversia en relaci\u00f3n con el sitio web de IMP deber\u00e1 sustanciarse ante la jurisdicci\u00f3n espa\u00f1ola y las partes deber\u00e1n someterse a los juzgados y tribunales de la ciudad de Barcelona y a sus superiores jer\u00e1rquicos, con expresa renuncia a sus fueros, si los tuvieren y si son diferentes de los indicados.<\/p>\n<hr class=\"wp-block-separator has-alpha-channel-opacity\">\n\t\t\t\t\t\t\t\t<\/div>\n\t\t\t\t<\/div>\n\t\t\t\t<div class=\"elementor-element elementor-element-3c41c2f elementor-widget-divider--view-line elementor-widget elementor-widget-divider\" data-id=\"3c41c2f\" data-element_type=\"widget\" data-e-type=\"widget\" data-widget_type=\"divider.default\">\n\t\t\t\t<div class=\"elementor-widget-container\">\n\t\t\t\t\t\t\t<div class=\"elementor-divider\">\n\t\t\t<span class=\"elementor-divider-separator\">\n\t\t\t\t\t\t<\/span>\n\t\t<\/div>\n\t\t\t\t\t\t<\/div>\n\t\t\t\t<\/div>\n\t\t\t\t<div class=\"elementor-element elementor-element-4768215 elementor-widget-divider--view-line elementor-widget elementor-widget-divider\" data-id=\"4768215\" data-element_type=\"widget\" data-e-type=\"widget\" data-widget_type=\"divider.default\">\n\t\t\t\t<div class=\"elementor-widget-container\">\n\t\t\t\t\t\t\t<div class=\"elementor-divider\">\n\t\t\t<span class=\"elementor-divider-separator\">\n\t\t\t\t\t\t<\/span>\n\t\t<\/div>\n\t\t\t\t\t\t<\/div>\n\t\t\t\t<\/div>\n\t\t\t\t<\/div>\n\t\t<div class=\"elementor-element elementor-element-d44ac43 e-con-full e-flex e-con e-child\" data-id=\"d44ac43\" data-element_type=\"container\" data-e-type=\"container\">\n\t\t\t\t<\/div>\n\t\t\t\t\t<\/div>\n\t\t\t\t<\/div>\n\t\t<div class=\"elementor-element elementor-element-8cb1673 e-flex e-con-boxed e-con e-parent\" data-id=\"8cb1673\" data-element_type=\"container\" data-e-type=\"container\">\n\t\t\t\t\t<div class=\"e-con-inner\">\n\t\t\t\t\t<\/div>\n\t\t\t\t<\/div>\n\t\t\t\t<\/div>\n\t\t","protected":false},"excerpt":{"rendered":"<p>Condiciones de uso y privacidad 1. Aceptaci\u00f3n de las condiciones de uso Los usuarios deber\u00e1n leer las presentes condiciones de uso y privacidad de esta p\u00e1gina web. El uso de la web del Information Modeling and Processing Research Group (IMP de ahora en adelante) implica que el usuario conoce y acepta plenamente las advertencias legales [&hellip;]<\/p>\n","protected":false},"author":40,"featured_media":0,"parent":0,"menu_order":0,"comment_status":"closed","ping_status":"closed","template":"","meta":{"_acf_changed":false,"footnotes":""},"class_list":["post-43672","page","type-page","status-publish","hentry"],"acf":[],"_links":{"self":[{"href":"https:\/\/imp.upc.edu\/es\/wp-json\/wp\/v2\/pages\/43672","targetHints":{"allow":["GET"]}}],"collection":[{"href":"https:\/\/imp.upc.edu\/es\/wp-json\/wp\/v2\/pages"}],"about":[{"href":"https:\/\/imp.upc.edu\/es\/wp-json\/wp\/v2\/types\/page"}],"author":[{"embeddable":true,"href":"https:\/\/imp.upc.edu\/es\/wp-json\/wp\/v2\/users\/40"}],"replies":[{"embeddable":true,"href":"https:\/\/imp.upc.edu\/es\/wp-json\/wp\/v2\/comments?post=43672"}],"version-history":[{"count":4,"href":"https:\/\/imp.upc.edu\/es\/wp-json\/wp\/v2\/pages\/43672\/revisions"}],"predecessor-version":[{"id":43676,"href":"https:\/\/imp.upc.edu\/es\/wp-json\/wp\/v2\/pages\/43672\/revisions\/43676"}],"wp:attachment":[{"href":"https:\/\/imp.upc.edu\/es\/wp-json\/wp\/v2\/media?parent=43672"}],"curies":[{"name":"wp","href":"https:\/\/api.w.org\/{rel}","templated":true}]}}